{"id":502,"date":"2022-06-16T11:32:06","date_gmt":"2022-06-16T11:32:06","guid":{"rendered":"http:\/\/s916960701.online.de\/?page_id=502"},"modified":"2022-10-29T13:22:22","modified_gmt":"2022-10-29T13:22:22","slug":"mini-sessions","status":"publish","type":"page","link":"https:\/\/danherrick.com\/en\/mini-sessions\/","title":{"rendered":"Mini Sessions"},"content":{"rendered":"<div data-elementor-type=\"wp-page\" data-elementor-id=\"502\" class=\"elementor elementor-502\" data-elementor-post-type=\"page\">\n\t\t\t\t\t\t<section class=\"elementor-section elementor-top-section elementor-element elementor-element-818eb5e elementor-section-boxed elementor-section-height-default elementor-section-height-default\" data-id=\"818eb5e\" data-element_type=\"section\" data-e-type=\"section\">\n\t\t\t\t\t\t<div class=\"elementor-container elementor-column-gap-default\">\n\t\t\t\t\t<div class=\"elementor-column elementor-col-100 elementor-top-column elementor-element elementor-element-6b406b6\" data-id=\"6b406b6\" data-element_type=\"column\" data-e-type=\"column\">\n\t\t\t<div class=\"elementor-widget-wrap elementor-element-populated\">\n\t\t\t\t\t\t<div class=\"elementor-element elementor-element-224e034 elementor-widget elementor-widget-spacer\" data-id=\"224e034\" data-element_type=\"widget\" data-e-type=\"widget\" data-widget_type=\"spacer.default\">\n\t\t\t\t<div class=\"elementor-widget-container\">\n\t\t\t\t\t\t\t<div class=\"elementor-spacer\">\n\t\t\t<div class=\"elementor-spacer-inner\"><\/div>\n\t\t<\/div>\n\t\t\t\t\t\t<\/div>\n\t\t\t\t<\/div>\n\t\t\t\t<div class=\"elementor-element elementor-element-ed78e3a elementor-widget elementor-widget-heading\" data-id=\"ed78e3a\" data-element_type=\"widget\" data-e-type=\"widget\" data-widget_type=\"heading.default\">\n\t\t\t\t<div class=\"elementor-widget-container\">\n\t\t\t\t\t<h1 class=\"elementor-heading-title elementor-size-default\">Mini-Sessions:<\/h1>\t\t\t\t<\/div>\n\t\t\t\t<\/div>\n\t\t\t\t<section class=\"elementor-section elementor-inner-section elementor-element elementor-element-301885b elementor-section-boxed elementor-section-height-default elementor-section-height-default\" data-id=\"301885b\" data-element_type=\"section\" data-e-type=\"section\">\n\t\t\t\t\t\t<div class=\"elementor-container elementor-column-gap-default\">\n\t\t\t\t\t<div class=\"elementor-column elementor-col-50 elementor-inner-column elementor-element elementor-element-0d99c4a\" data-id=\"0d99c4a\" data-element_type=\"column\" data-e-type=\"column\">\n\t\t\t<div class=\"elementor-widget-wrap\">\n\t\t\t\t\t\t\t<\/div>\n\t\t<\/div>\n\t\t\t\t<div class=\"elementor-column elementor-col-50 elementor-inner-column elementor-element elementor-element-292c782\" data-id=\"292c782\" data-element_type=\"column\" data-e-type=\"column\">\n\t\t\t<div class=\"elementor-widget-wrap\">\n\t\t\t\t\t\t\t<\/div>\n\t\t<\/div>\n\t\t\t\t\t<\/div>\n\t\t<\/section>\n\t\t\t\t\t<\/div>\n\t\t<\/div>\n\t\t\t\t\t<\/div>\n\t\t<\/section>\n\t\t\t\t<section class=\"elementor-section elementor-top-section elementor-element elementor-element-ac8c669 elementor-section-boxed elementor-section-height-default elementor-section-height-default\" data-id=\"ac8c669\" data-element_type=\"section\" data-e-type=\"section\">\n\t\t\t\t\t\t<div class=\"elementor-container elementor-column-gap-default\">\n\t\t\t\t\t<div class=\"elementor-column elementor-col-100 elementor-top-column elementor-element elementor-element-7fef0c2\" data-id=\"7fef0c2\" data-element_type=\"column\" data-e-type=\"column\">\n\t\t\t<div class=\"elementor-widget-wrap elementor-element-populated\">\n\t\t\t\t\t\t<section class=\"elementor-section elementor-inner-section elementor-element elementor-element-37c0efc elementor-section-boxed elementor-section-height-default elementor-section-height-default\" data-id=\"37c0efc\" data-element_type=\"section\" data-e-type=\"section\">\n\t\t\t\t\t\t<div class=\"elementor-container elementor-column-gap-default\">\n\t\t\t\t\t<div class=\"elementor-column elementor-col-50 elementor-inner-column elementor-element elementor-element-febdc56\" data-id=\"febdc56\" data-element_type=\"column\" data-e-type=\"column\">\n\t\t\t<div class=\"elementor-widget-wrap elementor-element-populated\">\n\t\t\t\t\t\t<div class=\"elementor-element elementor-element-951d2f7 elementor-widget elementor-widget-image\" data-id=\"951d2f7\" data-element_type=\"widget\" data-e-type=\"widget\" data-widget_type=\"image.default\">\n\t\t\t\t<div class=\"elementor-widget-container\">\n\t\t\t\t\t\t\t\t\t\t\t\t\t\t\t<img fetchpriority=\"high\" decoding=\"async\" width=\"800\" height=\"534\" src=\"https:\/\/danherrick.com\/wp-content\/uploads\/2022\/06\/5W5A6543final-1-1024x683.jpg\" class=\"attachment-large size-large wp-image-55\" alt=\"\" srcset=\"https:\/\/danherrick.com\/wp-content\/uploads\/2022\/06\/5W5A6543final-1-1024x683.jpg 1024w, https:\/\/danherrick.com\/wp-content\/uploads\/2022\/06\/5W5A6543final-1-scaled-600x400.jpg 600w, https:\/\/danherrick.com\/wp-content\/uploads\/2022\/06\/5W5A6543final-1-300x200.jpg 300w, https:\/\/danherrick.com\/wp-content\/uploads\/2022\/06\/5W5A6543final-1-768x512.jpg 768w, https:\/\/danherrick.com\/wp-content\/uploads\/2022\/06\/5W5A6543final-1-1536x1024.jpg 1536w, https:\/\/danherrick.com\/wp-content\/uploads\/2022\/06\/5W5A6543final-1-2048x1365.jpg 2048w\" sizes=\"(max-width: 800px) 100vw, 800px\" \/>\t\t\t\t\t\t\t\t\t\t\t\t\t\t\t<\/div>\n\t\t\t\t<\/div>\n\t\t\t\t<div class=\"elementor-element elementor-element-7ef13b1 elementor-widget elementor-widget-image\" data-id=\"7ef13b1\" data-element_type=\"widget\" data-e-type=\"widget\" data-widget_type=\"image.default\">\n\t\t\t\t<div class=\"elementor-widget-container\">\n\t\t\t\t\t\t\t\t\t\t\t\t\t\t\t<img decoding=\"async\" width=\"710\" height=\"1024\" src=\"https:\/\/danherrick.com\/wp-content\/uploads\/2022\/06\/859755_10152211382687990_1516196864_o-710x1024.jpg\" class=\"attachment-large size-large wp-image-65\" alt=\"\" srcset=\"https:\/\/danherrick.com\/wp-content\/uploads\/2022\/06\/859755_10152211382687990_1516196864_o-710x1024.jpg 710w, https:\/\/danherrick.com\/wp-content\/uploads\/2022\/06\/859755_10152211382687990_1516196864_o-600x866.jpg 600w, https:\/\/danherrick.com\/wp-content\/uploads\/2022\/06\/859755_10152211382687990_1516196864_o-208x300.jpg 208w, https:\/\/danherrick.com\/wp-content\/uploads\/2022\/06\/859755_10152211382687990_1516196864_o-768x1108.jpg 768w, https:\/\/danherrick.com\/wp-content\/uploads\/2022\/06\/859755_10152211382687990_1516196864_o-1064x1536.jpg 1064w, https:\/\/danherrick.com\/wp-content\/uploads\/2022\/06\/859755_10152211382687990_1516196864_o.jpg 1419w\" sizes=\"(max-width: 710px) 100vw, 710px\" \/>\t\t\t\t\t\t\t\t\t\t\t\t\t\t\t<\/div>\n\t\t\t\t<\/div>\n\t\t\t\t\t<\/div>\n\t\t<\/div>\n\t\t\t\t<div class=\"elementor-column elementor-col-50 elementor-inner-column elementor-element elementor-element-06c4119\" data-id=\"06c4119\" data-element_type=\"column\" data-e-type=\"column\">\n\t\t\t<div class=\"elementor-widget-wrap elementor-element-populated\">\n\t\t\t\t\t\t<div class=\"elementor-element elementor-element-620a575 elementor-widget elementor-widget-text-editor\" data-id=\"620a575\" data-element_type=\"widget\" data-e-type=\"widget\" data-widget_type=\"text-editor.default\">\n\t\t\t\t<div class=\"elementor-widget-container\">\n\t\t\t\t\t\t\t\t\t<p><br><\/p>\n<p>Falls Du es eilig hast&#8230;<\/p>\n<p>Die Mini-Session dauert insgesamt zwei bis drei Stunden. Darin enthalten sind 45-60 Minuten f\u00fcr das Styling und 1-2 Stunden f\u00fcr das Fotoshooting. Hierf\u00fcr kannst du zwei bis drei verschiedene Outfits mitnehmen.&nbsp;<\/p>\n<p>Du erh\u00e4ltst zwei Portraits inklusive der Nutzungsrechte.<\/p>\n<p>&nbsp;Preis: 600\u20ac (netto) mit Make-Up\/Styling<\/p>\n<p>&nbsp; &nbsp; &nbsp; &nbsp; &nbsp; &nbsp; &nbsp;400\u20ac (netto) OHNE Make-up\/Styling<\/p>\n<p><span style=\"color: var( --e-global-color-text );\">&nbsp; &nbsp; &nbsp; &nbsp; &nbsp; &nbsp; &nbsp; &nbsp; &nbsp;&nbsp;<\/span><\/p>\n<div>&nbsp;<\/div>\n<div>&nbsp;<\/div>\t\t\t\t\t\t\t\t<\/div>\n\t\t\t\t<\/div>\n\t\t\t\t\t<\/div>\n\t\t<\/div>\n\t\t\t\t\t<\/div>\n\t\t<\/section>\n\t\t\t\t\t<\/div>\n\t\t<\/div>\n\t\t\t\t\t<\/div>\n\t\t<\/section>\n\t\t\t\t<\/div>","protected":false},"excerpt":{"rendered":"<p>Mini-Sessions: Falls Du es eilig hast&#8230; Die Mini-Session dauert insgesamt zwei bis drei Stunden. Darin enthalten sind 45-60 Minuten f\u00fcr das Styling und 1-2 Stunden f\u00fcr das Fotoshooting. Hierf\u00fcr kannst du zwei bis drei verschiedene Outfits mitnehmen.&nbsp; Du erh\u00e4ltst zwei Portraits inklusive der Nutzungsrechte. &nbsp;Preis: 600\u20ac (netto) mit Make-Up\/Styling &nbsp; &nbsp; &nbsp; &nbsp; &nbsp; &nbsp; [&hellip;]<\/p>\n","protected":false},"author":1,"featured_media":0,"parent":0,"menu_order":0,"comment_status":"closed","ping_status":"closed","template":"","meta":{"footnotes":""},"class_list":["post-502","page","type-page","status-publish","hentry"],"yoast_head":"<!-- This site is optimized with the Yoast SEO plugin v27.4 - https:\/\/yoast.com\/product\/yoast-seo-wordpress\/ -->\n<title>Mini Sessions - Dan Herrick Portraiture<\/title>\n<meta name=\"robots\" content=\"index, follow, max-snippet:-1, max-image-preview:large, max-video-preview:-1\" \/>\n<link rel=\"canonical\" href=\"https:\/\/danherrick.com\/en\/mini-sessions\/\" \/>\n<meta property=\"og:locale\" content=\"en_US\" \/>\n<meta property=\"og:type\" content=\"article\" \/>\n<meta property=\"og:title\" content=\"Mini Sessions - Dan Herrick Portraiture\" \/>\n<meta property=\"og:description\" content=\"Mini-Sessions: Falls Du es eilig hast&#8230; Die Mini-Session dauert insgesamt zwei bis drei Stunden. Darin enthalten sind 45-60 Minuten f\u00fcr das Styling und 1-2 Stunden f\u00fcr das Fotoshooting. Hierf\u00fcr kannst du zwei bis drei verschiedene Outfits mitnehmen.&nbsp; Du erh\u00e4ltst zwei Portraits inklusive der Nutzungsrechte. &nbsp;Preis: 600\u20ac (netto) mit Make-Up\/Styling &nbsp; &nbsp; &nbsp; &nbsp; &nbsp; &nbsp; [&hellip;]\" \/>\n<meta property=\"og:url\" content=\"https:\/\/danherrick.com\/en\/mini-sessions\/\" \/>\n<meta property=\"og:site_name\" content=\"Dan Herrick Portraiture\" \/>\n<meta property=\"article:modified_time\" content=\"2022-10-29T13:22:22+00:00\" \/>\n<meta property=\"og:image\" content=\"http:\/\/danherrick.com\/wp-content\/uploads\/2022\/06\/5W5A6543final-1-1024x683.jpg\" \/>\n<meta name=\"twitter:card\" content=\"summary_large_image\" \/>\n<meta name=\"twitter:label1\" content=\"Est. reading time\" \/>\n\t<meta name=\"twitter:data1\" content=\"1 minute\" \/>\n<script type=\"application\/ld+json\" class=\"yoast-schema-graph\">{\"@context\":\"https:\\\/\\\/schema.org\",\"@graph\":[{\"@type\":\"WebPage\",\"@id\":\"https:\\\/\\\/danherrick.com\\\/mini-sessions\\\/\",\"url\":\"https:\\\/\\\/danherrick.com\\\/mini-sessions\\\/\",\"name\":\"Mini Sessions - Dan Herrick Portraiture\",\"isPartOf\":{\"@id\":\"https:\\\/\\\/danherrick.com\\\/#website\"},\"primaryImageOfPage\":{\"@id\":\"https:\\\/\\\/danherrick.com\\\/mini-sessions\\\/#primaryimage\"},\"image\":{\"@id\":\"https:\\\/\\\/danherrick.com\\\/mini-sessions\\\/#primaryimage\"},\"thumbnailUrl\":\"http:\\\/\\\/danherrick.com\\\/wp-content\\\/uploads\\\/2022\\\/06\\\/5W5A6543final-1-1024x683.jpg\",\"datePublished\":\"2022-06-16T11:32:06+00:00\",\"dateModified\":\"2022-10-29T13:22:22+00:00\",\"breadcrumb\":{\"@id\":\"https:\\\/\\\/danherrick.com\\\/mini-sessions\\\/#breadcrumb\"},\"inLanguage\":\"en-US\",\"potentialAction\":[{\"@type\":\"ReadAction\",\"target\":[\"https:\\\/\\\/danherrick.com\\\/mini-sessions\\\/\"]}]},{\"@type\":\"ImageObject\",\"inLanguage\":\"en-US\",\"@id\":\"https:\\\/\\\/danherrick.com\\\/mini-sessions\\\/#primaryimage\",\"url\":\"http:\\\/\\\/danherrick.com\\\/wp-content\\\/uploads\\\/2022\\\/06\\\/5W5A6543final-1-1024x683.jpg\",\"contentUrl\":\"http:\\\/\\\/danherrick.com\\\/wp-content\\\/uploads\\\/2022\\\/06\\\/5W5A6543final-1-1024x683.jpg\"},{\"@type\":\"BreadcrumbList\",\"@id\":\"https:\\\/\\\/danherrick.com\\\/mini-sessions\\\/#breadcrumb\",\"itemListElement\":[{\"@type\":\"ListItem\",\"position\":1,\"name\":\"Home\",\"item\":\"https:\\\/\\\/danherrick.com\\\/\"},{\"@type\":\"ListItem\",\"position\":2,\"name\":\"Mini Sessions\"}]},{\"@type\":\"WebSite\",\"@id\":\"https:\\\/\\\/danherrick.com\\\/#website\",\"url\":\"https:\\\/\\\/danherrick.com\\\/\",\"name\":\"Dan Herrick Portraiture\",\"description\":\"Fotograf Prenzlauer Berg\",\"potentialAction\":[{\"@type\":\"SearchAction\",\"target\":{\"@type\":\"EntryPoint\",\"urlTemplate\":\"https:\\\/\\\/danherrick.com\\\/?s={search_term_string}\"},\"query-input\":{\"@type\":\"PropertyValueSpecification\",\"valueRequired\":true,\"valueName\":\"search_term_string\"}}],\"inLanguage\":\"en-US\"}]}<\/script>\n<!-- \/ Yoast SEO plugin. -->","yoast_head_json":{"title":"Mini Sessions - Dan Herrick Portraiture","robots":{"index":"index","follow":"follow","max-snippet":"max-snippet:-1","max-image-preview":"max-image-preview:large","max-video-preview":"max-video-preview:-1"},"canonical":"https:\/\/danherrick.com\/en\/mini-sessions\/","og_locale":"en_US","og_type":"article","og_title":"Mini Sessions - Dan Herrick Portraiture","og_description":"Mini-Sessions: Falls Du es eilig hast&#8230; Die Mini-Session dauert insgesamt zwei bis drei Stunden. Darin enthalten sind 45-60 Minuten f\u00fcr das Styling und 1-2 Stunden f\u00fcr das Fotoshooting. Hierf\u00fcr kannst du zwei bis drei verschiedene Outfits mitnehmen.&nbsp; Du erh\u00e4ltst zwei Portraits inklusive der Nutzungsrechte. &nbsp;Preis: 600\u20ac (netto) mit Make-Up\/Styling &nbsp; &nbsp; &nbsp; &nbsp; &nbsp; &nbsp; [&hellip;]","og_url":"https:\/\/danherrick.com\/en\/mini-sessions\/","og_site_name":"Dan Herrick Portraiture","article_modified_time":"2022-10-29T13:22:22+00:00","og_image":[{"url":"http:\/\/danherrick.com\/wp-content\/uploads\/2022\/06\/5W5A6543final-1-1024x683.jpg","type":"","width":"","height":""}],"twitter_card":"summary_large_image","twitter_misc":{"Est. reading time":"1 minute"},"schema":{"@context":"https:\/\/schema.org","@graph":[{"@type":"WebPage","@id":"https:\/\/danherrick.com\/mini-sessions\/","url":"https:\/\/danherrick.com\/mini-sessions\/","name":"Mini Sessions - Dan Herrick Portraiture","isPartOf":{"@id":"https:\/\/danherrick.com\/#website"},"primaryImageOfPage":{"@id":"https:\/\/danherrick.com\/mini-sessions\/#primaryimage"},"image":{"@id":"https:\/\/danherrick.com\/mini-sessions\/#primaryimage"},"thumbnailUrl":"http:\/\/danherrick.com\/wp-content\/uploads\/2022\/06\/5W5A6543final-1-1024x683.jpg","datePublished":"2022-06-16T11:32:06+00:00","dateModified":"2022-10-29T13:22:22+00:00","breadcrumb":{"@id":"https:\/\/danherrick.com\/mini-sessions\/#breadcrumb"},"inLanguage":"en-US","potentialAction":[{"@type":"ReadAction","target":["https:\/\/danherrick.com\/mini-sessions\/"]}]},{"@type":"ImageObject","inLanguage":"en-US","@id":"https:\/\/danherrick.com\/mini-sessions\/#primaryimage","url":"http:\/\/danherrick.com\/wp-content\/uploads\/2022\/06\/5W5A6543final-1-1024x683.jpg","contentUrl":"http:\/\/danherrick.com\/wp-content\/uploads\/2022\/06\/5W5A6543final-1-1024x683.jpg"},{"@type":"BreadcrumbList","@id":"https:\/\/danherrick.com\/mini-sessions\/#breadcrumb","itemListElement":[{"@type":"ListItem","position":1,"name":"Home","item":"https:\/\/danherrick.com\/"},{"@type":"ListItem","position":2,"name":"Mini Sessions"}]},{"@type":"WebSite","@id":"https:\/\/danherrick.com\/#website","url":"https:\/\/danherrick.com\/","name":"Dan Herrick Portraiture","description":"Fotograf Prenzlauer Berg","potentialAction":[{"@type":"SearchAction","target":{"@type":"EntryPoint","urlTemplate":"https:\/\/danherrick.com\/?s={search_term_string}"},"query-input":{"@type":"PropertyValueSpecification","valueRequired":true,"valueName":"search_term_string"}}],"inLanguage":"en-US"}]}},"_links":{"self":[{"href":"https:\/\/danherrick.com\/en\/wp-json\/wp\/v2\/pages\/502","targetHints":{"allow":["GET"]}}],"collection":[{"href":"https:\/\/danherrick.com\/en\/wp-json\/wp\/v2\/pages"}],"about":[{"href":"https:\/\/danherrick.com\/en\/wp-json\/wp\/v2\/types\/page"}],"author":[{"embeddable":true,"href":"https:\/\/danherrick.com\/en\/wp-json\/wp\/v2\/users\/1"}],"replies":[{"embeddable":true,"href":"https:\/\/danherrick.com\/en\/wp-json\/wp\/v2\/comments?post=502"}],"version-history":[{"count":28,"href":"https:\/\/danherrick.com\/en\/wp-json\/wp\/v2\/pages\/502\/revisions"}],"predecessor-version":[{"id":1240,"href":"https:\/\/danherrick.com\/en\/wp-json\/wp\/v2\/pages\/502\/revisions\/1240"}],"wp:attachment":[{"href":"https:\/\/danherrick.com\/en\/wp-json\/wp\/v2\/media?parent=502"}],"curies":[{"name":"wp","href":"https:\/\/api.w.org\/{rel}","templated":true}]}}